{"id":11,"date":"2020-10-03T14:51:12","date_gmt":"2020-10-03T14:51:12","guid":{"rendered":"http:\/\/demo.athemes.com\/sp-plumber\/?page_id=11"},"modified":"2026-02-25T03:03:35","modified_gmt":"2026-02-25T00:03:35","slug":"hizmetlerimiz","status":"publish","type":"page","link":"https:\/\/www.suadiyehaliyikama.com.tr\/index.php\/hizmetlerimiz\/","title":{"rendered":"Hizmetlerimiz"},"content":{"rendered":"\t\t<div data-elementor-type=\"wp-page\" data-elementor-id=\"11\" class=\"elementor elementor-11\" data-elementor-post-type=\"page\">\n\t\t\t\t<div class=\"elementor-element elementor-element-03146e8 e-flex e-con-boxed e-con e-parent\" data-id=\"03146e8\" data-element_type=\"container\" data-e-type=\"container\" data-settings=\"{&quot;background_background&quot;:&quot;classic&quot;}\">\n\t\t\t\t\t<div class=\"e-con-inner\">\n\t\t<div class=\"elementor-element elementor-element-50b437f e-con-full e-flex e-con e-child\" data-id=\"50b437f\" data-element_type=\"container\" data-e-type=\"container\">\n\t\t\t\t<div class=\"elementor-element elementor-element-ddbba11 elementor-widget elementor-widget-heading\" data-id=\"ddbba11\" data-element_type=\"widget\" data-e-type=\"widget\" data-widget_type=\"heading.default\">\n\t\t\t\t\t<h2 class=\"elementor-heading-title elementor-size-default\">Hizmetlerimiz<\/h2>\t\t\t\t<\/div>\n\t\t\t\t<div class=\"elementor-element elementor-element-0813ab0 elementor-widget elementor-widget-text-editor\" data-id=\"0813ab0\" data-element_type=\"widget\" data-e-type=\"widget\" data-widget_type=\"text-editor.default\">\n\t\t\t\t\t\t\t\t\t<p><span style=\"color: #ffffff;\">Anasayfa<\/span>\u00a0 \u00a0 |\u00a0 \u00a0 <span style=\"text-decoration: underline;\">Hizmetlerimiz<\/span><\/p>\t\t\t\t\t\t\t\t<\/div>\n\t\t\t\t<\/div>\n\t\t\t\t\t<\/div>\n\t\t\t\t<\/div>\n\t\t<div class=\"elementor-element elementor-element-e018a70 e-flex e-con-boxed e-con e-parent\" data-id=\"e018a70\" data-element_type=\"container\" data-e-type=\"container\">\n\t\t\t\t\t<div class=\"e-con-inner\">\n\t\t\t\t<div class=\"elementor-element elementor-element-8875a75 elementor-widget elementor-widget-text-editor\" data-id=\"8875a75\" data-element_type=\"widget\" data-e-type=\"widget\" data-widget_type=\"text-editor.default\">\n\t\t\t\t\t\t\t\t\t<p><strong>Otomatik Hal\u0131 Y\u0131kama<\/strong><\/p><p><strong>Yerinde Koltuk Temizleme<\/strong><\/p><p><strong>Yerinde Yatak Temizleme<\/strong><\/p><p><strong>Yorgan Y\u0131kama<\/strong><\/p><p><strong>Battaniye Y\u0131kama<\/strong><\/p><p><strong>Stor Perde Y\u0131kama<\/strong><\/p><p><strong>Hal\u0131 Kenar\u0131 Overlok<\/strong><\/p><p><strong>El Hal\u0131s\u0131 Tamiri<\/strong><\/p>\t\t\t\t\t\t\t\t<\/div>\n\t\t\t\t\t<\/div>\n\t\t\t\t<\/div>\n\t\t<div class=\"elementor-element elementor-element-c8b6dd5 e-flex e-con-boxed e-con e-parent\" data-id=\"c8b6dd5\" data-element_type=\"container\" data-e-type=\"container\" data-settings=\"{&quot;background_background&quot;:&quot;classic&quot;}\">\n\t\t\t\t\t<div class=\"e-con-inner\">\n\t\t<div class=\"elementor-element elementor-element-e29893b e-con-full e-flex e-con e-child\" data-id=\"e29893b\" data-element_type=\"container\" data-e-type=\"container\">\n\t\t\t\t<div class=\"elementor-element elementor-element-cd658b2 elementor-widget elementor-widget-heading\" data-id=\"cd658b2\" data-element_type=\"widget\" data-e-type=\"widget\" data-widget_type=\"heading.default\">\n\t\t\t\t\t<h2 class=\"elementor-heading-title elementor-size-default\">Sekt\u00f6rde \u00d6nc\u00fc<\/h2>\t\t\t\t<\/div>\n\t\t\t\t<div class=\"elementor-element elementor-element-d079b65 elementor-widget elementor-widget-text-editor\" data-id=\"d079b65\" data-element_type=\"widget\" data-e-type=\"widget\" data-widget_type=\"text-editor.default\">\n\t\t\t\t\t\t\t\t\t<p>2013 y\u0131l\u0131ndan g\u00fcn\u00fcm\u00fcze Suadiye Hal\u0131 Y\u0131kama sekt\u00f6re kazand\u0131r\u0131lan ekipmanlar ve \u00e7evre dostu temizlik \u00fcr\u00fcnleriyle kaliteli hizmet sunarak k\u0131sa s\u00fcrede sekt\u00f6r\u00fcn \u00f6nc\u00fc firmalar\u0131 aras\u0131nda yerini alm\u0131\u015ft\u0131r.<\/p>\t\t\t\t\t\t\t\t<\/div>\n\t\t\t\t<div class=\"elementor-element elementor-element-78e0171 elementor-shape-circle e-grid-align-left e-grid-align-tablet-center elementor-grid-0 elementor-widget elementor-widget-social-icons\" data-id=\"78e0171\" data-element_type=\"widget\" data-e-type=\"widget\" data-widget_type=\"social-icons.default\">\n\t\t\t\t\t\t\t<div class=\"elementor-social-icons-wrapper elementor-grid\" role=\"list\">\n\t\t\t\t\t\t\t<span class=\"elementor-grid-item\" role=\"listitem\">\n\t\t\t\t\t<a class=\"elementor-icon elementor-social-icon elementor-social-icon-facebook elementor-repeater-item-5536674\" href=\"https:\/\/facebook.com\" target=\"_blank\">\n\t\t\t\t\t\t<span class=\"elementor-screen-only\">Facebook<\/span>\n\t\t\t\t\t\t<svg aria-hidden=\"true\" class=\"e-font-icon-svg e-fab-facebook\" viewBox=\"0 0 512 512\" xmlns=\"http:\/\/www.w3.org\/2000\/svg\"><path d=\"M504 256C504 119 393 8 256 8S8 119 8 256c0 123.78 90.69 226.38 209.25 245V327.69h-63V256h63v-54.64c0-62.15 37-96.48 93.67-96.48 27.14 0 55.52 4.84 55.52 4.84v61h-31.28c-30.8 0-40.41 19.12-40.41 38.73V256h68.78l-11 71.69h-57.78V501C413.31 482.38 504 379.78 504 256z\"><\/path><\/svg>\t\t\t\t\t<\/a>\n\t\t\t\t<\/span>\n\t\t\t\t\t\t\t<span class=\"elementor-grid-item\" role=\"listitem\">\n\t\t\t\t\t<a class=\"elementor-icon elementor-social-icon elementor-social-icon-x-twitter elementor-repeater-item-5c820bf\" href=\"https:\/\/x.com\" target=\"_blank\">\n\t\t\t\t\t\t<span class=\"elementor-screen-only\">X-twitter<\/span>\n\t\t\t\t\t\t<svg aria-hidden=\"true\" class=\"e-font-icon-svg e-fab-x-twitter\" viewBox=\"0 0 512 512\" xmlns=\"http:\/\/www.w3.org\/2000\/svg\"><path d=\"M389.2 48h70.6L305.6 224.2 487 464H345L233.7 318.6 106.5 464H35.8L200.7 275.5 26.8 48H172.4L272.9 180.9 389.2 48zM364.4 421.8h39.1L151.1 88h-42L364.4 421.8z\"><\/path><\/svg>\t\t\t\t\t<\/a>\n\t\t\t\t<\/span>\n\t\t\t\t\t\t\t<span class=\"elementor-grid-item\" role=\"listitem\">\n\t\t\t\t\t<a class=\"elementor-icon elementor-social-icon elementor-social-icon-linkedin elementor-repeater-item-d613c1b\" href=\"https:\/\/linkedin.com\" target=\"_blank\">\n\t\t\t\t\t\t<span class=\"elementor-screen-only\">Linkedin<\/span>\n\t\t\t\t\t\t<svg aria-hidden=\"true\" class=\"e-font-icon-svg e-fab-linkedin\" viewBox=\"0 0 448 512\" xmlns=\"http:\/\/www.w3.org\/2000\/svg\"><path d=\"M416 32H31.9C14.3 32 0 46.5 0 64.3v383.4C0 465.5 14.3 480 31.9 480H416c17.6 0 32-14.5 32-32.3V64.3c0-17.8-14.4-32.3-32-32.3zM135.4 416H69V202.2h66.5V416zm-33.2-243c-21.3 0-38.5-17.3-38.5-38.5S80.9 96 102.2 96c21.2 0 38.5 17.3 38.5 38.5 0 21.3-17.2 38.5-38.5 38.5zm282.1 243h-66.4V312c0-24.8-.5-56.7-34.5-56.7-34.6 0-39.9 27-39.9 54.9V416h-66.4V202.2h63.7v29.2h.9c8.9-16.8 30.6-34.5 62.9-34.5 67.2 0 79.7 44.3 79.7 101.9V416z\"><\/path><\/svg>\t\t\t\t\t<\/a>\n\t\t\t\t<\/span>\n\t\t\t\t\t<\/div>\n\t\t\t\t\t\t<\/div>\n\t\t\t\t<\/div>\n\t\t<div class=\"elementor-element elementor-element-feec376 e-con-full e-flex e-con e-child\" data-id=\"feec376\" data-element_type=\"container\" data-e-type=\"container\">\n\t\t\t\t<div class=\"elementor-element elementor-element-9c2641d elementor-widget elementor-widget-heading\" data-id=\"9c2641d\" data-element_type=\"widget\" data-e-type=\"widget\" data-widget_type=\"heading.default\">\n\t\t\t\t\t<h2 class=\"elementor-heading-title elementor-size-default\">\u015eampuan\u0131m\u0131z<\/h2>\t\t\t\t<\/div>\n\t\t\t\t<div class=\"elementor-element elementor-element-e8cdac5 elementor-widget elementor-widget-image\" data-id=\"e8cdac5\" data-element_type=\"widget\" data-e-type=\"widget\" data-widget_type=\"image.default\">\n\t\t\t\t\t\t\t\t\t\t\t\t\t\t\t<img fetchpriority=\"high\" decoding=\"async\" width=\"375\" height=\"241\" src=\"https:\/\/www.suadiyehaliyikama.com.tr\/wp-content\/uploads\/2026\/02\/era111-hali-sampuani.png\" class=\"attachment-large size-large wp-image-672\" alt=\"\u015fampuan\" srcset=\"https:\/\/www.suadiyehaliyikama.com.tr\/wp-content\/uploads\/2026\/02\/era111-hali-sampuani.png 375w, https:\/\/www.suadiyehaliyikama.com.tr\/wp-content\/uploads\/2026\/02\/era111-hali-sampuani-300x193.png 300w, https:\/\/www.suadiyehaliyikama.com.tr\/wp-content\/uploads\/2026\/02\/era111-hali-sampuani-230x148.png 230w, https:\/\/www.suadiyehaliyikama.com.tr\/wp-content\/uploads\/2026\/02\/era111-hali-sampuani-350x225.png 350w\" sizes=\"(max-width: 375px) 100vw, 375px\" \/>\t\t\t\t\t\t\t\t\t\t\t\t\t\t\t<\/div>\n\t\t\t\t<\/div>\n\t\t<div class=\"elementor-element elementor-element-ecd56cc e-con-full e-flex e-con e-child\" data-id=\"ecd56cc\" data-element_type=\"container\" data-e-type=\"container\">\n\t\t\t\t<div class=\"elementor-element elementor-element-16054f9 elementor-widget elementor-widget-heading\" data-id=\"16054f9\" data-element_type=\"widget\" data-e-type=\"widget\" data-widget_type=\"heading.default\">\n\t\t\t\t\t<h2 class=\"elementor-heading-title elementor-size-default\">Hizmetler<\/h2>\t\t\t\t<\/div>\n\t\t\t\t<div class=\"elementor-element elementor-element-217c260 elementor-widget elementor-widget-text-editor\" data-id=\"217c260\" data-element_type=\"widget\" data-e-type=\"widget\" data-widget_type=\"text-editor.default\">\n\t\t\t\t\t\t\t\t\t<p>Hal\u0131 Y\u0131kama<br \/>Koltuk Yatak Y\u0131kama<br \/>Yorgan Battaniye Y\u0131kama<br \/>Stor Perde Y\u0131kama<\/p>\t\t\t\t\t\t\t\t<\/div>\n\t\t\t\t<\/div>\n\t\t<div class=\"elementor-element elementor-element-ca99958 e-con-full e-flex e-con e-child\" data-id=\"ca99958\" data-element_type=\"container\" data-e-type=\"container\">\n\t\t\t\t<div class=\"elementor-element elementor-element-90c5264 elementor-widget elementor-widget-heading\" data-id=\"90c5264\" data-element_type=\"widget\" data-e-type=\"widget\" data-widget_type=\"heading.default\">\n\t\t\t\t\t<h2 class=\"elementor-heading-title elementor-size-default\">\u0130leti\u015fim<\/h2>\t\t\t\t<\/div>\n\t\t\t\t<div class=\"elementor-element elementor-element-85b0c67 elementor-widget elementor-widget-text-editor\" data-id=\"85b0c67\" data-element_type=\"widget\" data-e-type=\"widget\" data-widget_type=\"text-editor.default\">\n\t\t\t\t\t\t\t\t\t<p>Suadiye Mah. Ay\u015fe\u00e7avu\u015f Cad. No:22\/A<\/p><p>Kad\u0131k\u00f6y \/ \u0130stanbul<\/p><p>Tel: 02163066766<\/p><p>Cep: 05469303630<\/p>\t\t\t\t\t\t\t\t<\/div>\n\t\t\t\t<\/div>\n\t\t\t\t\t<\/div>\n\t\t\t\t<\/div>\n\t\t\t\t<\/div>\n\t\t","protected":false},"excerpt":{"rendered":"<p>Hizmetlerimiz Anasayfa\u00a0 \u00a0 |\u00a0 \u00a0 Hizmetlerimiz Otomatik Hal\u0131 Y\u0131kama Yerinde Koltuk Temizleme Yerinde Yatak Temizleme Yorgan Y\u0131kama Battaniye Y\u0131kama Stor Perde Y\u0131kama Hal\u0131 Kenar\u0131 Overlok [&hellip;]<\/p>\n","protected":false},"author":1,"featured_media":0,"parent":0,"menu_order":0,"comment_status":"closed","ping_status":"closed","template":"page-templates\/page_front-page.php","meta":{"om_disable_all_campaigns":false,"_monsterinsights_skip_tracking":false,"_monsterinsights_sitenote_active":false,"_monsterinsights_sitenote_note":"","_monsterinsights_sitenote_category":0,"footnotes":""},"class_list":["post-11","page","type-page","status-publish","hentry"],"aioseo_notices":[],"_links":{"self":[{"href":"https:\/\/www.suadiyehaliyikama.com.tr\/index.php\/wp-json\/wp\/v2\/pages\/11","targetHints":{"allow":["GET"]}}],"collection":[{"href":"https:\/\/www.suadiyehaliyikama.com.tr\/index.php\/wp-json\/wp\/v2\/pages"}],"about":[{"href":"https:\/\/www.suadiyehaliyikama.com.tr\/index.php\/wp-json\/wp\/v2\/types\/page"}],"author":[{"embeddable":true,"href":"https:\/\/www.suadiyehaliyikama.com.tr\/index.php\/wp-json\/wp\/v2\/users\/1"}],"replies":[{"embeddable":true,"href":"https:\/\/www.suadiyehaliyikama.com.tr\/index.php\/wp-json\/wp\/v2\/comments?post=11"}],"version-history":[{"count":4,"href":"https:\/\/www.suadiyehaliyikama.com.tr\/index.php\/wp-json\/wp\/v2\/pages\/11\/revisions"}],"predecessor-version":[{"id":697,"href":"https:\/\/www.suadiyehaliyikama.com.tr\/index.php\/wp-json\/wp\/v2\/pages\/11\/revisions\/697"}],"wp:attachment":[{"href":"https:\/\/www.suadiyehaliyikama.com.tr\/index.php\/wp-json\/wp\/v2\/media?parent=11"}],"curies":[{"name":"wp","href":"https:\/\/api.w.org\/{rel}","templated":true}]}}